{"id":2186,"date":"2022-10-30T15:46:47","date_gmt":"2022-10-30T14:46:47","guid":{"rendered":"https:\/\/www.aspen-location.fr\/conditions-generales-de-vente\/"},"modified":"2023-06-15T17:04:51","modified_gmt":"2023-06-15T15:04:51","slug":"general-terms-and-conditions-of-sale","status":"publish","type":"page","link":"https:\/\/www.aspen-location.fr\/en\/general-terms-and-conditions-of-sale\/","title":{"rendered":"General terms and conditions of sale"},"content":{"rendered":"\t\t<div data-elementor-type=\"wp-page\" data-elementor-id=\"2186\" class=\"elementor elementor-2186 elementor-1028\" data-elementor-post-type=\"page\">\n\t\t\t\t\t\t<section class=\"elementor-section elementor-top-section elementor-element elementor-element-8792f97 elementor-section-boxed elementor-section-height-default elementor-section-height-default\" data-id=\"8792f97\" data-element_type=\"section\">\n\t\t\t\t\t\t<div class=\"elementor-container elementor-column-gap-no\">\n\t\t\t\t\t<div class=\"elementor-column elementor-col-100 elementor-top-column elementor-element elementor-element-cf0e0fe\" data-id=\"cf0e0fe\" data-element_type=\"column\">\n\t\t\t<div class=\"elementor-widget-wrap elementor-element-populated\">\n\t\t\t\t\t\t<div class=\"elementor-element elementor-element-3a26446 elementor-invisible elementor-widget elementor-widget-theme-post-title elementor-page-title elementor-widget-heading\" data-id=\"3a26446\" data-element_type=\"widget\" data-settings=\"{&quot;_animation&quot;:&quot;fadeInUp&quot;,&quot;_animation_tablet&quot;:&quot;fadeIn&quot;}\" data-widget_type=\"theme-post-title.default\">\n\t\t\t\t<div class=\"elementor-widget-container\">\n\t\t\t<h1 class=\"elementor-heading-title elementor-size-default\">General terms and conditions of sale<\/h1>\t\t<\/div>\n\t\t\t\t<\/div>\n\t\t\t\t<div class=\"elementor-element elementor-element-658c8ec elementor-widget__width-initial elementor-invisible elementor-widget elementor-widget-toggle\" data-id=\"658c8ec\" data-element_type=\"widget\" data-settings=\"{&quot;_animation&quot;:&quot;fadeIn&quot;}\" data-widget_type=\"toggle.default\">\n\t\t\t\t<div class=\"elementor-widget-container\">\n\t\t\t\t\t<div class=\"elementor-toggle\">\n\t\t\t\t\t\t\t<div class=\"elementor-toggle-item\">\n\t\t\t\t\t<div id=\"elementor-tab-title-1061\" class=\"elementor-tab-title\" data-tab=\"1\" role=\"button\" aria-controls=\"elementor-tab-content-1061\" aria-expanded=\"false\">\n\t\t\t\t\t\t\t\t\t\t\t\t<span class=\"elementor-toggle-icon elementor-toggle-icon-left\" aria-hidden=\"true\">\n\t\t\t\t\t\t\t\t\t\t\t\t\t\t\t<span class=\"elementor-toggle-icon-closed\"><i class=\"jki jki-chevron-down-line\"><\/i><\/span>\n\t\t\t\t\t\t\t\t<span class=\"elementor-toggle-icon-opened\"><i class=\"elementor-toggle-icon-opened jki jki-chevron-up-line\"><\/i><\/span>\n\t\t\t\t\t\t\t\t\t\t\t\t\t<\/span>\n\t\t\t\t\t\t\t\t\t\t\t\t<a class=\"elementor-toggle-title\" tabindex=\"0\">Deposit<\/a>\n\t\t\t\t\t<\/div>\n\n\t\t\t\t\t<div id=\"elementor-tab-content-1061\" class=\"elementor-tab-content elementor-clearfix\" data-tab=\"1\" role=\"region\" aria-labelledby=\"elementor-tab-title-1061\"><p>We are delighted to help you organise your stay in our beautiful chalet. To guarantee your booking and ensure the security of our property, we require a deposit of \u20ac2000 in the form of a credit card imprint.<\/p><\/div>\n\t\t\t\t<\/div>\n\t\t\t\t\t\t\t<div class=\"elementor-toggle-item\">\n\t\t\t\t\t<div id=\"elementor-tab-title-1062\" class=\"elementor-tab-title\" data-tab=\"2\" role=\"button\" aria-controls=\"elementor-tab-content-1062\" aria-expanded=\"false\">\n\t\t\t\t\t\t\t\t\t\t\t\t<span class=\"elementor-toggle-icon elementor-toggle-icon-left\" aria-hidden=\"true\">\n\t\t\t\t\t\t\t\t\t\t\t\t\t\t\t<span class=\"elementor-toggle-icon-closed\"><i class=\"jki jki-chevron-down-line\"><\/i><\/span>\n\t\t\t\t\t\t\t\t<span class=\"elementor-toggle-icon-opened\"><i class=\"elementor-toggle-icon-opened jki jki-chevron-up-line\"><\/i><\/span>\n\t\t\t\t\t\t\t\t\t\t\t\t\t<\/span>\n\t\t\t\t\t\t\t\t\t\t\t\t<a class=\"elementor-toggle-title\" tabindex=\"0\">Cancellation policy<\/a>\n\t\t\t\t\t<\/div>\n\n\t\t\t\t\t<div id=\"elementor-tab-content-1062\" class=\"elementor-tab-content elementor-clearfix\" data-tab=\"2\" role=\"region\" aria-labelledby=\"elementor-tab-title-1062\"><ul><li>100% refund if you cancel at least 60 days before arrival.<\/li><li>No refund if you cancel less than 60 days before arrival.<\/li><\/ul><p>Deadlines for free cancellation are defined according to the property&#8217;s time zone. Find out more about cancellation policies.<\/p><\/div>\n\t\t\t\t<\/div>\n\t\t\t\t\t\t\t<div class=\"elementor-toggle-item\">\n\t\t\t\t\t<div id=\"elementor-tab-title-1063\" class=\"elementor-tab-title\" data-tab=\"3\" role=\"button\" aria-controls=\"elementor-tab-content-1063\" aria-expanded=\"false\">\n\t\t\t\t\t\t\t\t\t\t\t\t<span class=\"elementor-toggle-icon elementor-toggle-icon-left\" aria-hidden=\"true\">\n\t\t\t\t\t\t\t\t\t\t\t\t\t\t\t<span class=\"elementor-toggle-icon-closed\"><i class=\"jki jki-chevron-down-line\"><\/i><\/span>\n\t\t\t\t\t\t\t\t<span class=\"elementor-toggle-icon-opened\"><i class=\"elementor-toggle-icon-opened jki jki-chevron-up-line\"><\/i><\/span>\n\t\t\t\t\t\t\t\t\t\t\t\t\t<\/span>\n\t\t\t\t\t\t\t\t\t\t\t\t<a class=\"elementor-toggle-title\" tabindex=\"0\">Damage and ancillary costs<\/a>\n\t\t\t\t\t<\/div>\n\n\t\t\t\t\t<div id=\"elementor-tab-content-1063\" class=\"elementor-tab-content elementor-clearfix\" data-tab=\"3\" role=\"region\" aria-labelledby=\"elementor-tab-title-1063\"><div class=\"layout-block layout-block--damage-policy\"><div class=\"DamagePolicy\"><p>You may be held responsible for any damage caused to the holiday accommodation during your stay.<\/p><\/div><\/div><div class=\"layout-block layout-block--house-rules\"><div class=\"house-rules\" data-wdio=\"house-rules\"><div><div class=\"house-rules-v2\">\u00a0<\/div><\/div><\/div><\/div><\/div>\n\t\t\t\t<\/div>\n\t\t\t\t\t\t\t<div class=\"elementor-toggle-item\">\n\t\t\t\t\t<div id=\"elementor-tab-title-1064\" class=\"elementor-tab-title\" data-tab=\"4\" role=\"button\" aria-controls=\"elementor-tab-content-1064\" aria-expanded=\"false\">\n\t\t\t\t\t\t\t\t\t\t\t\t<span class=\"elementor-toggle-icon elementor-toggle-icon-left\" aria-hidden=\"true\">\n\t\t\t\t\t\t\t\t\t\t\t\t\t\t\t<span class=\"elementor-toggle-icon-closed\"><i class=\"jki jki-chevron-down-line\"><\/i><\/span>\n\t\t\t\t\t\t\t\t<span class=\"elementor-toggle-icon-opened\"><i class=\"elementor-toggle-icon-opened jki jki-chevron-up-line\"><\/i><\/span>\n\t\t\t\t\t\t\t\t\t\t\t\t\t<\/span>\n\t\t\t\t\t\t\t\t\t\t\t\t<a class=\"elementor-toggle-title\" tabindex=\"0\">Rules of procedure<\/a>\n\t\t\t\t\t<\/div>\n\n\t\t\t\t\t<div id=\"elementor-tab-content-1064\" class=\"elementor-tab-content elementor-clearfix\" data-tab=\"4\" role=\"region\" aria-labelledby=\"elementor-tab-title-1064\"><div class=\"layout-block layout-block--damage-policy\"><div class=\"DamagePolicy\"><p>Arrival after 16:00<br \/>Departure before 10:00<\/p><p>Maximum number of guests: 12<br \/>Minimum age to rent a property: 18<br \/>Suitable for children: 0 to 17 years old<br \/>Pets allowed: 1 dog with owner&#8217;s agreement<\/p><p>Events are not permitted<br \/>No smoking<\/p><\/div><\/div><div class=\"layout-block layout-block--house-rules\"><div class=\"house-rules\" data-wdio=\"house-rules\"><div><div class=\"house-rules-v2\">\u00a0<\/div><\/div><\/div><\/div><\/div>\n\t\t\t\t<\/div>\n\t\t\t\t\t\t\t<div class=\"elementor-toggle-item\">\n\t\t\t\t\t<div id=\"elementor-tab-title-1065\" class=\"elementor-tab-title\" data-tab=\"5\" role=\"button\" aria-controls=\"elementor-tab-content-1065\" aria-expanded=\"false\">\n\t\t\t\t\t\t\t\t\t\t\t\t<span class=\"elementor-toggle-icon elementor-toggle-icon-left\" aria-hidden=\"true\">\n\t\t\t\t\t\t\t\t\t\t\t\t\t\t\t<span class=\"elementor-toggle-icon-closed\"><i class=\"jki jki-chevron-down-line\"><\/i><\/span>\n\t\t\t\t\t\t\t\t<span class=\"elementor-toggle-icon-opened\"><i class=\"elementor-toggle-icon-opened jki jki-chevron-up-line\"><\/i><\/span>\n\t\t\t\t\t\t\t\t\t\t\t\t\t<\/span>\n\t\t\t\t\t\t\t\t\t\t\t\t<a class=\"elementor-toggle-title\" tabindex=\"0\">Hygiene measures<\/a>\n\t\t\t\t\t<\/div>\n\n\t\t\t\t\t<div id=\"elementor-tab-content-1065\" class=\"elementor-tab-content elementor-clearfix\" data-tab=\"5\" role=\"region\" aria-labelledby=\"elementor-tab-title-1065\"><div class=\"layout-block layout-block--damage-policy\"><div class=\"DamagePolicy\"><p>Rental cleaned with disinfectant<br \/>All bedding and towels washed at a temperature of at least 60\u00baC<\/p><p>Frequently touched surfaces are disinfected (such as worktops, light switches, door handles and taps)<br \/>Follows industry health guidelines: COVID-19 guidelines (WHO)<\/p><\/div><\/div><\/div>\n\t\t\t\t<\/div>\n\t\t\t\t\t\t\t\t<\/div>\n\t\t\t\t<\/div>\n\t\t\t\t<\/div>\n\t\t\t\t<div class=\"elementor-element elementor-element-eae606f elementor-invisible elementor-widget elementor-widget-text-editor\" data-id=\"eae606f\" data-element_type=\"widget\" data-settings=\"{&quot;_animation&quot;:&quot;fadeInUp&quot;,&quot;_animation_tablet&quot;:&quot;fadeIn&quot;}\" data-widget_type=\"text-editor.default\">\n\t\t\t\t<div class=\"elementor-widget-container\">\n\t\t\t\t\t\t\t<p>Aspen Location&#8217;s general terms and conditions are currently being drafted.<\/p>\t\t\t\t\t\t<\/div>\n\t\t\t\t<\/div>\n\t\t\t\t\t<\/div>\n\t\t<\/div>\n\t\t\t\t\t<\/div>\n\t\t<\/section>\n\t\t\t\t<\/div>\n\t\t","protected":false},"excerpt":{"rendered":"<p>Deposit We are delighted to help you organise your stay in our beautiful chalet. To guarantee your booking and ensure the security of our property, we require a deposit of \u20ac2000 in the form of a credit card imprint. Cancellation policy 100% refund if you cancel at least 60 days before arrival. No refund if [&hellip;]<\/p>\n","protected":false},"author":1,"featured_media":0,"parent":0,"menu_order":11,"comment_status":"closed","ping_status":"closed","template":"","meta":{"site-sidebar-layout":"no-sidebar","site-content-layout":"page-builder","ast-site-content-layout":"","site-content-style":"default","site-sidebar-style":"default","ast-global-header-display":"","ast-banner-title-visibility":"","ast-main-header-display":"","ast-hfb-above-header-display":"","ast-hfb-below-header-display":"","ast-hfb-mobile-header-display":"","site-post-title":"disabled","ast-breadcrumbs-content":"","ast-featured-img":"disabled","footer-sml-layout":"","theme-transparent-header-meta":"default","adv-header-id-meta":"","stick-header-meta":"","header-above-stick-meta":"","header-main-stick-meta":"","header-below-stick-meta":"","astra-migrate-meta-layouts":"default","ast-page-background-enabled":"default","ast-page-background-meta":{"desktop":{"background-color":"var(--ast-global-color-4)","background-image":"","background-repeat":"repeat","background-position":"center center","background-size":"auto","background-attachment":"scroll","background-type":"","background-media":"","overlay-type":"","overlay-color":"","overlay-gradient":""},"tablet":{"background-color":"","background-image":"","background-repeat":"repeat","background-position":"center center","background-size":"auto","background-attachment":"scroll","background-type":"","background-media":"","overlay-type":"","overlay-color":"","overlay-gradient":""},"mobile":{"background-color":"","background-image":"","background-repeat":"repeat","background-position":"center center","background-size":"auto","background-attachment":"scroll","background-type":"","background-media":"","overlay-type":"","overlay-color":"","overlay-gradient":""}},"ast-content-background-meta":{"desktop":{"background-color":"var(--ast-global-color-5)","background-image":"","background-repeat":"repeat","background-position":"center center","background-size":"auto","background-attachment":"scroll","background-type":"","background-media":"","overlay-type":"","overlay-color":"","overlay-gradient":""},"tablet":{"background-color":"var(--ast-global-color-5)","background-image":"","background-repeat":"repeat","background-position":"center center","background-size":"auto","background-attachment":"scroll","background-type":"","background-media":"","overlay-type":"","overlay-color":"","overlay-gradient":""},"mobile":{"background-color":"var(--ast-global-color-5)","background-image":"","background-repeat":"repeat","background-position":"center center","background-size":"auto","background-attachment":"scroll","background-type":"","background-media":"","overlay-type":"","overlay-color":"","overlay-gradient":""}},"footnotes":""},"class_list":["post-2186","page","type-page","status-publish","hentry"],"yoast_head":"<!-- This site is optimized with the Yoast SEO plugin v22.3 - https:\/\/yoast.com\/wordpress\/plugins\/seo\/ -->\n<title>Conditions g\u00e9n\u00e9rales de vente - Aspen Location<\/title>\n<meta name=\"description\" content=\"Conditions g\u00e9n\u00e9rales de vente - Aspen Location\" \/>\n<meta name=\"robots\" content=\"noindex, nofollow\" \/>\n<meta property=\"og:locale\" content=\"en_US\" \/>\n<meta property=\"og:type\" content=\"article\" \/>\n<meta property=\"og:title\" content=\"Conditions g\u00e9n\u00e9rales de vente - Aspen Location\" \/>\n<meta property=\"og:description\" content=\"Conditions g\u00e9n\u00e9rales de vente - Aspen Location\" \/>\n<meta property=\"og:url\" content=\"https:\/\/www.aspen-location.fr\/en\/general-terms-and-conditions-of-sale\/\" \/>\n<meta property=\"og:site_name\" content=\"Aspen Location\" \/>\n<meta property=\"article:modified_time\" content=\"2023-06-15T15:04:51+00:00\" \/>\n<meta name=\"twitter:card\" content=\"summary_large_image\" \/>\n<meta name=\"twitter:label1\" content=\"Est. reading time\" \/>\n\t<meta name=\"twitter:data1\" content=\"1 minute\" \/>\n<script type=\"application\/ld+json\" class=\"yoast-schema-graph\">{\"@context\":\"https:\/\/schema.org\",\"@graph\":[{\"@type\":\"WebPage\",\"@id\":\"https:\/\/www.aspen-location.fr\/en\/general-terms-and-conditions-of-sale\/\",\"url\":\"https:\/\/www.aspen-location.fr\/en\/general-terms-and-conditions-of-sale\/\",\"name\":\"Conditions g\u00e9n\u00e9rales de vente - Aspen Location\",\"isPartOf\":{\"@id\":\"https:\/\/www.aspen-location.fr\/en\/#website\"},\"datePublished\":\"2022-10-30T14:46:47+00:00\",\"dateModified\":\"2023-06-15T15:04:51+00:00\",\"description\":\"Conditions g\u00e9n\u00e9rales de vente - Aspen Location\",\"breadcrumb\":{\"@id\":\"https:\/\/www.aspen-location.fr\/en\/general-terms-and-conditions-of-sale\/#breadcrumb\"},\"inLanguage\":\"en-US\",\"potentialAction\":[{\"@type\":\"ReadAction\",\"target\":[\"https:\/\/www.aspen-location.fr\/en\/general-terms-and-conditions-of-sale\/\"]}]},{\"@type\":\"BreadcrumbList\",\"@id\":\"https:\/\/www.aspen-location.fr\/en\/general-terms-and-conditions-of-sale\/#breadcrumb\",\"itemListElement\":[{\"@type\":\"ListItem\",\"position\":1,\"name\":\"Accueil\",\"item\":\"https:\/\/www.aspen-location.fr\/en\/\"},{\"@type\":\"ListItem\",\"position\":2,\"name\":\"General terms and conditions of sale\"}]},{\"@type\":\"WebSite\",\"@id\":\"https:\/\/www.aspen-location.fr\/en\/#website\",\"url\":\"https:\/\/www.aspen-location.fr\/en\/\",\"name\":\"Aspen Location\",\"description\":\"\",\"publisher\":{\"@id\":\"https:\/\/www.aspen-location.fr\/en\/#organization\"},\"potentialAction\":[{\"@type\":\"SearchAction\",\"target\":{\"@type\":\"EntryPoint\",\"urlTemplate\":\"https:\/\/www.aspen-location.fr\/en\/?s={search_term_string}\"},\"query-input\":\"required name=search_term_string\"}],\"inLanguage\":\"en-US\"},{\"@type\":\"Organization\",\"@id\":\"https:\/\/www.aspen-location.fr\/en\/#organization\",\"name\":\"Aspen Location\",\"url\":\"https:\/\/www.aspen-location.fr\/en\/\",\"logo\":{\"@type\":\"ImageObject\",\"inLanguage\":\"en-US\",\"@id\":\"https:\/\/www.aspen-location.fr\/en\/#\/schema\/logo\/image\/\",\"url\":\"https:\/\/www.aspen-location.fr\/wp-content\/uploads\/2023\/02\/LOGO_aspen-location-ocre-et-blanc-2.svg\",\"contentUrl\":\"https:\/\/www.aspen-location.fr\/wp-content\/uploads\/2023\/02\/LOGO_aspen-location-ocre-et-blanc-2.svg\",\"width\":517,\"height\":278,\"caption\":\"Aspen Location\"},\"image\":{\"@id\":\"https:\/\/www.aspen-location.fr\/en\/#\/schema\/logo\/image\/\"}}]}<\/script>\n<!-- \/ Yoast SEO plugin. -->","yoast_head_json":{"title":"Conditions g\u00e9n\u00e9rales de vente - Aspen Location","description":"Conditions g\u00e9n\u00e9rales de vente - Aspen Location","robots":{"index":"noindex","follow":"nofollow"},"og_locale":"en_US","og_type":"article","og_title":"Conditions g\u00e9n\u00e9rales de vente - Aspen Location","og_description":"Conditions g\u00e9n\u00e9rales de vente - Aspen Location","og_url":"https:\/\/www.aspen-location.fr\/en\/general-terms-and-conditions-of-sale\/","og_site_name":"Aspen Location","article_modified_time":"2023-06-15T15:04:51+00:00","twitter_card":"summary_large_image","twitter_misc":{"Est. reading time":"1 minute"},"schema":{"@context":"https:\/\/schema.org","@graph":[{"@type":"WebPage","@id":"https:\/\/www.aspen-location.fr\/en\/general-terms-and-conditions-of-sale\/","url":"https:\/\/www.aspen-location.fr\/en\/general-terms-and-conditions-of-sale\/","name":"Conditions g\u00e9n\u00e9rales de vente - Aspen Location","isPartOf":{"@id":"https:\/\/www.aspen-location.fr\/en\/#website"},"datePublished":"2022-10-30T14:46:47+00:00","dateModified":"2023-06-15T15:04:51+00:00","description":"Conditions g\u00e9n\u00e9rales de vente - Aspen Location","breadcrumb":{"@id":"https:\/\/www.aspen-location.fr\/en\/general-terms-and-conditions-of-sale\/#breadcrumb"},"inLanguage":"en-US","potentialAction":[{"@type":"ReadAction","target":["https:\/\/www.aspen-location.fr\/en\/general-terms-and-conditions-of-sale\/"]}]},{"@type":"BreadcrumbList","@id":"https:\/\/www.aspen-location.fr\/en\/general-terms-and-conditions-of-sale\/#breadcrumb","itemListElement":[{"@type":"ListItem","position":1,"name":"Accueil","item":"https:\/\/www.aspen-location.fr\/en\/"},{"@type":"ListItem","position":2,"name":"General terms and conditions of sale"}]},{"@type":"WebSite","@id":"https:\/\/www.aspen-location.fr\/en\/#website","url":"https:\/\/www.aspen-location.fr\/en\/","name":"Aspen Location","description":"","publisher":{"@id":"https:\/\/www.aspen-location.fr\/en\/#organization"},"potentialAction":[{"@type":"SearchAction","target":{"@type":"EntryPoint","urlTemplate":"https:\/\/www.aspen-location.fr\/en\/?s={search_term_string}"},"query-input":"required name=search_term_string"}],"inLanguage":"en-US"},{"@type":"Organization","@id":"https:\/\/www.aspen-location.fr\/en\/#organization","name":"Aspen Location","url":"https:\/\/www.aspen-location.fr\/en\/","logo":{"@type":"ImageObject","inLanguage":"en-US","@id":"https:\/\/www.aspen-location.fr\/en\/#\/schema\/logo\/image\/","url":"https:\/\/www.aspen-location.fr\/wp-content\/uploads\/2023\/02\/LOGO_aspen-location-ocre-et-blanc-2.svg","contentUrl":"https:\/\/www.aspen-location.fr\/wp-content\/uploads\/2023\/02\/LOGO_aspen-location-ocre-et-blanc-2.svg","width":517,"height":278,"caption":"Aspen Location"},"image":{"@id":"https:\/\/www.aspen-location.fr\/en\/#\/schema\/logo\/image\/"}}]}},"_links":{"self":[{"href":"https:\/\/www.aspen-location.fr\/en\/wp-json\/wp\/v2\/pages\/2186","targetHints":{"allow":["GET"]}}],"collection":[{"href":"https:\/\/www.aspen-location.fr\/en\/wp-json\/wp\/v2\/pages"}],"about":[{"href":"https:\/\/www.aspen-location.fr\/en\/wp-json\/wp\/v2\/types\/page"}],"author":[{"embeddable":true,"href":"https:\/\/www.aspen-location.fr\/en\/wp-json\/wp\/v2\/users\/1"}],"replies":[{"embeddable":true,"href":"https:\/\/www.aspen-location.fr\/en\/wp-json\/wp\/v2\/comments?post=2186"}],"version-history":[{"count":0,"href":"https:\/\/www.aspen-location.fr\/en\/wp-json\/wp\/v2\/pages\/2186\/revisions"}],"wp:attachment":[{"href":"https:\/\/www.aspen-location.fr\/en\/wp-json\/wp\/v2\/media?parent=2186"}],"curies":[{"name":"wp","href":"https:\/\/api.w.org\/{rel}","templated":true}]}}